{"id":183,"date":"2024-04-26T10:44:34","date_gmt":"2024-04-26T10:44:34","guid":{"rendered":"https:\/\/uow.no\/?page_id=183"},"modified":"2024-04-26T10:44:36","modified_gmt":"2024-04-26T10:44:36","slug":"flytende-havvind-teknologi","status":"publish","type":"page","link":"https:\/\/uow.no\/en\/flytende-havvind-teknologi\/","title":{"rendered":"Flytende havvind teknologi"},"content":{"rendered":"<h2 class=\"wp-block-heading\">Bakgrunn<\/h2>\n\n\n\n<p>Turbinene skal testes og sertifiseres f\u00f8r en kan komme i kommersiell drift (5\u00e5r) Wergeland<\/p>\n\n\n\n<p>\u2022Kunnskaps hull i konstruksjon, operasjon og vedlikehold gjennom uders\u00f8kelser av operasjons tiln\u00e6rming, og risiko for store konstruksjoner, og O&amp;M aktiviteter<\/p>\n\n\n\n<p>\u2022Forsknings muligheter for \u00e5 redusere risiko og kost<\/p>\n\n\n\n<p>\u2022Kartlegge potensiale for kapasitet og flaskehalser, og finne mitigerende l\u00f8sninger som inkluderer infrastruktur, logistikk, kommunikason og muligheter i supply kjeden<\/p>\n\n\n\n<p>\u2022Akselerere havvind \u2013 rollen til innovativ teknologi i beslutningstaking og raskere samtykke<\/p>\n\n\n\n<h2 class=\"wp-block-heading\"><strong>Havvindteknologi og elektrisk infrastruktur<\/strong><\/h2>\n\n\n\n<p>Det er behov for forskning og utvikling av b\u00e5de flytende og bunnfast havvindteknologi. Fokus b\u00f8r v\u00e6re p\u00e5 teknologiomr\u00e5der hvor Norge allerede har sterke forskningsmilj\u00f8 og industri som kan utnytte resultatene for leveranser til utbygging i Norge og internasjonalt. Norge har et s\u00e6rlig behov for \u00e5 utvikle flytende havvind for \u00e5 kunne realisere planlagt utbygging i Norge, og med muligheter for eksport av varer og tjenester til andre land, men ogs\u00e5 bunnfast havvindteknologi er et viktig omr\u00e5de og s\u00e6rlig p\u00e5 kort sikt forventes hovedtyngden av internasjonale leveranser fra norsk industri \u00e5 g\u00e5 til utbygging av bunnfaste havvindparker. Viktige tema er knyttet til oppskalering og bruk av st\u00f8rre turbiner, og omfatter fundamenter for bunnfast havvind, understell for flytende havvind, forankringssystemer og elektrisk infrastruktur, i tillegg til fabrikasjon og installasjon med tilh\u00f8rende behov for teknologi og infrastruktur som verft, havner og ulike typer fart\u00f8y. Dette krever helhetlig tiln\u00e6rming for design, produksjon, transport og installasjon av store havvindskonstruksjoner. Det trengs effektiv og automatisert masseproduksjon av flytende og bunnfaste fundamenter, som kan v\u00e6re i st\u00e5l, betong eller andre materialer. Det er behov for \u00e5 utvikle nye materialer som kan gi lengre strukturell levetid, mindre vedlikehold og som kan resirkuleres. Det er ogs\u00e5 behov for utvikling av metoder og verkt\u00f8y for design av store havvindparker, og analyse- og datasimuleringsmodeller for vindvariasjoner og vaker, b\u00f8lger, bunnforhold og det marine milj\u00f8et. Det m\u00e5 utvikles ny kabelteknologi og undervannsteknologi for tilkobling av store flytende havvindparker, og kostnadsreduserende l\u00f8sninger med HVDC eller annen teknologi for overf\u00f8ring av kraft fra store havvindparker langt til havs. Teknologien m\u00e5 v\u00e6re robust og milj\u00f8vennlig. Det er behov for industrialisering og standardisering, med teknologi som muliggj\u00f8r effektiv fabrikasjon, sammenstilling og installasjon i store volum, men ogs\u00e5 nytenkning og innovasjon med utvikling av nye konsept, b\u00e5de p\u00e5 komponent og systemniv\u00e5.<\/p>\n\n\n\n<h2 class=\"wp-block-heading\"><strong>Tekniske utfordringer og muligheter<\/strong><\/h2>\n\n\n\n<p>Et sentralt fokusomr\u00e5de vil v\u00e6re prosessen for konsekvensutredning (EIA), som m\u00e5 v\u00e6re basert p\u00e5 en relevant, robust og forholdsmessig kunnskapsmengde og data. Gitt de viktigste teknologiforskjellene mellom FOW og bunnfaste vindparker, vil FOW sannsynligvis ha en rekke forskjellige milj\u00f8interaksjoner.<\/p>\n\n\n\n<p>Imidlertid har milj\u00f8overv\u00e5kingsmuligheter innen operasjonelle FOW-g\u00e5rder v\u00e6rt begrenset p\u00e5 grunn av den relativt sm\u00e5 skalaen av FOW-distribusjon til dags dato. Dette, i tillegg til den raske veksten i bransjen, betyr at det er et krav for FOW-utviklere og interessenter \u00e5 jobbe sammen proaktivt for \u00e5 forutse, forst\u00e5, vurdere og administrere potensielle milj\u00f8interaksjoner som en del av en rettidig og effektiv samtykkeprosess. Som s\u00e5dan er det n\u00f8dvendig med en stor prosess med bevis og kunnskapsbygging p\u00e5 tvers av en rekke milj\u00f8messige &laquo;reseptorer&raquo;.<\/p>\n\n\n\n<p><\/p>","protected":false},"excerpt":{"rendered":"<p>Bakgrunn Turbinene skal testes og sertifiseres f\u00f8r en kan komme i kommersiell drift (5\u00e5r) Wergeland \u2022Kunnskaps hull i konstruksjon, operasjon og vedlikehold [&hellip;]<\/p>\n","protected":false},"author":1,"featured_media":0,"parent":0,"menu_order":0,"comment_status":"closed","ping_status":"closed","template":"","meta":{"footnotes":""},"class_list":["post-183","page","type-page","status-publish","hentry"],"yoast_head":"<!-- This site is optimized with the Yoast SEO plugin v27.5 - https:\/\/yoast.com\/product\/yoast-seo-wordpress\/ -->\n<title>Flytende havvind teknologi - Utsira Offshore Wind Center<\/title>\n<meta name=\"robots\" content=\"index, follow, max-snippet:-1, max-image-preview:large, max-video-preview:-1\" \/>\n<link rel=\"canonical\" href=\"https:\/\/uow.no\/en\/flytende-havvind-teknologi\/\" \/>\n<meta property=\"og:locale\" content=\"en_GB\" \/>\n<meta property=\"og:type\" content=\"article\" \/>\n<meta property=\"og:title\" content=\"Flytende havvind teknologi - Utsira Offshore Wind Center\" \/>\n<meta property=\"og:description\" content=\"Bakgrunn Turbinene skal testes og sertifiseres f\u00f8r en kan komme i kommersiell drift (5\u00e5r) Wergeland \u2022Kunnskaps hull i konstruksjon, operasjon og vedlikehold [&hellip;]\" \/>\n<meta property=\"og:url\" content=\"https:\/\/uow.no\/en\/flytende-havvind-teknologi\/\" \/>\n<meta property=\"og:site_name\" content=\"Utsira Offshore Wind Center\" \/>\n<meta property=\"article:modified_time\" content=\"2024-04-26T10:44:36+00:00\" \/>\n<meta name=\"twitter:card\" content=\"summary_large_image\" \/>\n<meta name=\"twitter:label1\" content=\"Estimated reading time\" \/>\n\t<meta name=\"twitter:data1\" content=\"3 minutes\" \/>\n<script type=\"application\/ld+json\" class=\"yoast-schema-graph\">{\"@context\":\"https:\\\/\\\/schema.org\",\"@graph\":[{\"@type\":\"WebPage\",\"@id\":\"https:\\\/\\\/uow.no\\\/flytende-havvind-teknologi\\\/\",\"url\":\"https:\\\/\\\/uow.no\\\/flytende-havvind-teknologi\\\/\",\"name\":\"Flytende havvind teknologi - Utsira Offshore Wind Center\",\"isPartOf\":{\"@id\":\"https:\\\/\\\/uow.no\\\/#website\"},\"datePublished\":\"2024-04-26T10:44:34+00:00\",\"dateModified\":\"2024-04-26T10:44:36+00:00\",\"breadcrumb\":{\"@id\":\"https:\\\/\\\/uow.no\\\/flytende-havvind-teknologi\\\/#breadcrumb\"},\"inLanguage\":\"en-GB\",\"potentialAction\":[{\"@type\":\"ReadAction\",\"target\":[\"https:\\\/\\\/uow.no\\\/flytende-havvind-teknologi\\\/\"]}]},{\"@type\":\"BreadcrumbList\",\"@id\":\"https:\\\/\\\/uow.no\\\/flytende-havvind-teknologi\\\/#breadcrumb\",\"itemListElement\":[{\"@type\":\"ListItem\",\"position\":1,\"name\":\"Hjem\",\"item\":\"https:\\\/\\\/uow.no\\\/\"},{\"@type\":\"ListItem\",\"position\":2,\"name\":\"Flytende havvind teknologi\"}]},{\"@type\":\"WebSite\",\"@id\":\"https:\\\/\\\/uow.no\\\/#website\",\"url\":\"https:\\\/\\\/uow.no\\\/\",\"name\":\"Utsira Offshore Wind Center\",\"description\":\"\",\"publisher\":{\"@id\":\"https:\\\/\\\/uow.no\\\/#organization\"},\"potentialAction\":[{\"@type\":\"SearchAction\",\"target\":{\"@type\":\"EntryPoint\",\"urlTemplate\":\"https:\\\/\\\/uow.no\\\/?s={search_term_string}\"},\"query-input\":{\"@type\":\"PropertyValueSpecification\",\"valueRequired\":true,\"valueName\":\"search_term_string\"}}],\"inLanguage\":\"en-GB\"},{\"@type\":\"Organization\",\"@id\":\"https:\\\/\\\/uow.no\\\/#organization\",\"name\":\"Utsira Offshore Wind Center\",\"url\":\"https:\\\/\\\/uow.no\\\/\",\"logo\":{\"@type\":\"ImageObject\",\"inLanguage\":\"en-GB\",\"@id\":\"https:\\\/\\\/uow.no\\\/#\\\/schema\\\/logo\\\/image\\\/\",\"url\":\"https:\\\/\\\/uow.no\\\/wp-content\\\/uploads\\\/2024\\\/04\\\/Logo-U.png\",\"contentUrl\":\"https:\\\/\\\/uow.no\\\/wp-content\\\/uploads\\\/2024\\\/04\\\/Logo-U.png\",\"width\":1080,\"height\":1080,\"caption\":\"Utsira Offshore Wind Center\"},\"image\":{\"@id\":\"https:\\\/\\\/uow.no\\\/#\\\/schema\\\/logo\\\/image\\\/\"}}]}<\/script>\n<!-- \/ Yoast SEO plugin. -->","yoast_head_json":{"title":"Flytende havvind teknologi - Utsira Offshore Wind Center","robots":{"index":"index","follow":"follow","max-snippet":"max-snippet:-1","max-image-preview":"max-image-preview:large","max-video-preview":"max-video-preview:-1"},"canonical":"https:\/\/uow.no\/en\/flytende-havvind-teknologi\/","og_locale":"en_GB","og_type":"article","og_title":"Flytende havvind teknologi - Utsira Offshore Wind Center","og_description":"Bakgrunn Turbinene skal testes og sertifiseres f\u00f8r en kan komme i kommersiell drift (5\u00e5r) Wergeland \u2022Kunnskaps hull i konstruksjon, operasjon og vedlikehold [&hellip;]","og_url":"https:\/\/uow.no\/en\/flytende-havvind-teknologi\/","og_site_name":"Utsira Offshore Wind Center","article_modified_time":"2024-04-26T10:44:36+00:00","twitter_card":"summary_large_image","twitter_misc":{"Estimated reading time":"3 minutes"},"schema":{"@context":"https:\/\/schema.org","@graph":[{"@type":"WebPage","@id":"https:\/\/uow.no\/flytende-havvind-teknologi\/","url":"https:\/\/uow.no\/flytende-havvind-teknologi\/","name":"Flytende havvind teknologi - Utsira Offshore Wind Center","isPartOf":{"@id":"https:\/\/uow.no\/#website"},"datePublished":"2024-04-26T10:44:34+00:00","dateModified":"2024-04-26T10:44:36+00:00","breadcrumb":{"@id":"https:\/\/uow.no\/flytende-havvind-teknologi\/#breadcrumb"},"inLanguage":"en-GB","potentialAction":[{"@type":"ReadAction","target":["https:\/\/uow.no\/flytende-havvind-teknologi\/"]}]},{"@type":"BreadcrumbList","@id":"https:\/\/uow.no\/flytende-havvind-teknologi\/#breadcrumb","itemListElement":[{"@type":"ListItem","position":1,"name":"Hjem","item":"https:\/\/uow.no\/"},{"@type":"ListItem","position":2,"name":"Flytende havvind teknologi"}]},{"@type":"WebSite","@id":"https:\/\/uow.no\/#website","url":"https:\/\/uow.no\/","name":"Utsira Offshore Wind Center","description":"","publisher":{"@id":"https:\/\/uow.no\/#organization"},"potentialAction":[{"@type":"SearchAction","target":{"@type":"EntryPoint","urlTemplate":"https:\/\/uow.no\/?s={search_term_string}"},"query-input":{"@type":"PropertyValueSpecification","valueRequired":true,"valueName":"search_term_string"}}],"inLanguage":"en-GB"},{"@type":"Organization","@id":"https:\/\/uow.no\/#organization","name":"Utsira Offshore Wind Center","url":"https:\/\/uow.no\/","logo":{"@type":"ImageObject","inLanguage":"en-GB","@id":"https:\/\/uow.no\/#\/schema\/logo\/image\/","url":"https:\/\/uow.no\/wp-content\/uploads\/2024\/04\/Logo-U.png","contentUrl":"https:\/\/uow.no\/wp-content\/uploads\/2024\/04\/Logo-U.png","width":1080,"height":1080,"caption":"Utsira Offshore Wind Center"},"image":{"@id":"https:\/\/uow.no\/#\/schema\/logo\/image\/"}}]}},"_links":{"self":[{"href":"https:\/\/uow.no\/en\/wp-json\/wp\/v2\/pages\/183","targetHints":{"allow":["GET"]}}],"collection":[{"href":"https:\/\/uow.no\/en\/wp-json\/wp\/v2\/pages"}],"about":[{"href":"https:\/\/uow.no\/en\/wp-json\/wp\/v2\/types\/page"}],"author":[{"embeddable":true,"href":"https:\/\/uow.no\/en\/wp-json\/wp\/v2\/users\/1"}],"replies":[{"embeddable":true,"href":"https:\/\/uow.no\/en\/wp-json\/wp\/v2\/comments?post=183"}],"version-history":[{"count":1,"href":"https:\/\/uow.no\/en\/wp-json\/wp\/v2\/pages\/183\/revisions"}],"predecessor-version":[{"id":184,"href":"https:\/\/uow.no\/en\/wp-json\/wp\/v2\/pages\/183\/revisions\/184"}],"wp:attachment":[{"href":"https:\/\/uow.no\/en\/wp-json\/wp\/v2\/media?parent=183"}],"curies":[{"name":"wp","href":"https:\/\/api.w.org\/{rel}","templated":true}]}}