{"id":189,"date":"2024-04-26T11:03:02","date_gmt":"2024-04-26T11:03:02","guid":{"rendered":"https:\/\/uow.no\/?page_id=189"},"modified":"2024-04-26T11:03:04","modified_gmt":"2024-04-26T11:03:04","slug":"digitale-losninger-sikkerhet-beredskap-hms","status":"publish","type":"page","link":"https:\/\/uow.no\/en\/digitale-losninger-sikkerhet-beredskap-hms\/","title":{"rendered":"Digitale l\u00f8sninger &amp; sikkerhet \/ Beredskap &amp; HMS"},"content":{"rendered":"<h2 class=\"wp-block-heading\">Bakgrunn<\/h2>\n\n\n\n<p>Dynamisk kabel system<\/p>\n\n\n\n<p>Kommunikasjons teknologi<\/p>\n\n\n\n<p>Utvikle ny teknologi<\/p>\n\n\n\n<p>Kommunisere forskningsprosjekter<\/p>\n\n\n\n<h2 class=\"wp-block-heading\">Hva<\/h2>\n\n\n\n<p>\u2022Prosjekter m\u00e5 gjennomg\u00e5 pre-utvikling planlegging, samtykke s\u00f8knader og bygging som tar flere \u00e5r. <\/p>\n\n\n\n<p>Utbygging av havvind p\u00e5 sv\u00e6rt h\u00f8ye niv\u00e5er kan potensielt f\u00f8re til en endring i \u00f8kosystemet, og derfor er det viktig \u00e5 vurdere milj\u00f8konsekvensene. <\/p>\n\n\n\n<p>Bruk av autonome teknologier for milj\u00f8overv\u00e5king kan bidra til \u00e5 l\u00f8se kunnskapshullene knyttet til disse konsekvensene.<\/p>","protected":false},"excerpt":{"rendered":"<p>Bakgrunn Dynamisk kabel system Kommunikasjons teknologi Utvikle ny teknologi Kommunisere forskningsprosjekter Hva \u2022Prosjekter m\u00e5 gjennomg\u00e5 pre-utvikling planlegging, samtykke s\u00f8knader og bygging som [&hellip;]<\/p>\n","protected":false},"author":1,"featured_media":0,"parent":0,"menu_order":0,"comment_status":"closed","ping_status":"closed","template":"","meta":{"footnotes":""},"class_list":["post-189","page","type-page","status-publish","hentry"],"yoast_head":"<!-- This site is optimized with the Yoast SEO plugin v27.4 - https:\/\/yoast.com\/product\/yoast-seo-wordpress\/ -->\n<title>Digitale l\u00f8sninger &amp; sikkerhet \/ Beredskap &amp; HMS - Utsira Offshore Wind Center<\/title>\n<meta name=\"robots\" content=\"index, follow, max-snippet:-1, max-image-preview:large, max-video-preview:-1\" \/>\n<link rel=\"canonical\" href=\"https:\/\/uow.no\/en\/digitale-losninger-sikkerhet-beredskap-hms\/\" \/>\n<meta property=\"og:locale\" content=\"en_GB\" \/>\n<meta property=\"og:type\" content=\"article\" \/>\n<meta property=\"og:title\" content=\"Digitale l\u00f8sninger &amp; sikkerhet \/ Beredskap &amp; HMS - Utsira Offshore Wind Center\" \/>\n<meta property=\"og:description\" content=\"Bakgrunn Dynamisk kabel system Kommunikasjons teknologi Utvikle ny teknologi Kommunisere forskningsprosjekter Hva \u2022Prosjekter m\u00e5 gjennomg\u00e5 pre-utvikling planlegging, samtykke s\u00f8knader og bygging som [&hellip;]\" \/>\n<meta property=\"og:url\" content=\"https:\/\/uow.no\/en\/digitale-losninger-sikkerhet-beredskap-hms\/\" \/>\n<meta property=\"og:site_name\" content=\"Utsira Offshore Wind Center\" \/>\n<meta property=\"article:modified_time\" content=\"2024-04-26T11:03:04+00:00\" \/>\n<meta name=\"twitter:card\" content=\"summary_large_image\" \/>\n<meta name=\"twitter:label1\" content=\"Estimated reading time\" \/>\n\t<meta name=\"twitter:data1\" content=\"1 minute\" \/>\n<script type=\"application\/ld+json\" class=\"yoast-schema-graph\">{\"@context\":\"https:\\\/\\\/schema.org\",\"@graph\":[{\"@type\":\"WebPage\",\"@id\":\"https:\\\/\\\/uow.no\\\/digitale-losninger-sikkerhet-beredskap-hms\\\/\",\"url\":\"https:\\\/\\\/uow.no\\\/digitale-losninger-sikkerhet-beredskap-hms\\\/\",\"name\":\"Digitale l\u00f8sninger &amp; sikkerhet \\\/ Beredskap &amp; HMS - Utsira Offshore Wind Center\",\"isPartOf\":{\"@id\":\"https:\\\/\\\/uow.no\\\/#website\"},\"datePublished\":\"2024-04-26T11:03:02+00:00\",\"dateModified\":\"2024-04-26T11:03:04+00:00\",\"breadcrumb\":{\"@id\":\"https:\\\/\\\/uow.no\\\/digitale-losninger-sikkerhet-beredskap-hms\\\/#breadcrumb\"},\"inLanguage\":\"en-GB\",\"potentialAction\":[{\"@type\":\"ReadAction\",\"target\":[\"https:\\\/\\\/uow.no\\\/digitale-losninger-sikkerhet-beredskap-hms\\\/\"]}]},{\"@type\":\"BreadcrumbList\",\"@id\":\"https:\\\/\\\/uow.no\\\/digitale-losninger-sikkerhet-beredskap-hms\\\/#breadcrumb\",\"itemListElement\":[{\"@type\":\"ListItem\",\"position\":1,\"name\":\"Hjem\",\"item\":\"https:\\\/\\\/uow.no\\\/\"},{\"@type\":\"ListItem\",\"position\":2,\"name\":\"Digitale l\u00f8sninger &amp; sikkerhet \\\/ Beredskap &amp; HMS\"}]},{\"@type\":\"WebSite\",\"@id\":\"https:\\\/\\\/uow.no\\\/#website\",\"url\":\"https:\\\/\\\/uow.no\\\/\",\"name\":\"Utsira Offshore Wind Center\",\"description\":\"\",\"publisher\":{\"@id\":\"https:\\\/\\\/uow.no\\\/#organization\"},\"potentialAction\":[{\"@type\":\"SearchAction\",\"target\":{\"@type\":\"EntryPoint\",\"urlTemplate\":\"https:\\\/\\\/uow.no\\\/?s={search_term_string}\"},\"query-input\":{\"@type\":\"PropertyValueSpecification\",\"valueRequired\":true,\"valueName\":\"search_term_string\"}}],\"inLanguage\":\"en-GB\"},{\"@type\":\"Organization\",\"@id\":\"https:\\\/\\\/uow.no\\\/#organization\",\"name\":\"Utsira Offshore Wind Center\",\"url\":\"https:\\\/\\\/uow.no\\\/\",\"logo\":{\"@type\":\"ImageObject\",\"inLanguage\":\"en-GB\",\"@id\":\"https:\\\/\\\/uow.no\\\/#\\\/schema\\\/logo\\\/image\\\/\",\"url\":\"https:\\\/\\\/uow.no\\\/wp-content\\\/uploads\\\/2024\\\/04\\\/Logo-U.png\",\"contentUrl\":\"https:\\\/\\\/uow.no\\\/wp-content\\\/uploads\\\/2024\\\/04\\\/Logo-U.png\",\"width\":1080,\"height\":1080,\"caption\":\"Utsira Offshore Wind Center\"},\"image\":{\"@id\":\"https:\\\/\\\/uow.no\\\/#\\\/schema\\\/logo\\\/image\\\/\"}}]}<\/script>\n<!-- \/ Yoast SEO plugin. -->","yoast_head_json":{"title":"Digitale l\u00f8sninger &amp; sikkerhet \/ Beredskap &amp; HMS - Utsira Offshore Wind Center","robots":{"index":"index","follow":"follow","max-snippet":"max-snippet:-1","max-image-preview":"max-image-preview:large","max-video-preview":"max-video-preview:-1"},"canonical":"https:\/\/uow.no\/en\/digitale-losninger-sikkerhet-beredskap-hms\/","og_locale":"en_GB","og_type":"article","og_title":"Digitale l\u00f8sninger &amp; sikkerhet \/ Beredskap &amp; HMS - Utsira Offshore Wind Center","og_description":"Bakgrunn Dynamisk kabel system Kommunikasjons teknologi Utvikle ny teknologi Kommunisere forskningsprosjekter Hva \u2022Prosjekter m\u00e5 gjennomg\u00e5 pre-utvikling planlegging, samtykke s\u00f8knader og bygging som [&hellip;]","og_url":"https:\/\/uow.no\/en\/digitale-losninger-sikkerhet-beredskap-hms\/","og_site_name":"Utsira Offshore Wind Center","article_modified_time":"2024-04-26T11:03:04+00:00","twitter_card":"summary_large_image","twitter_misc":{"Estimated reading time":"1 minute"},"schema":{"@context":"https:\/\/schema.org","@graph":[{"@type":"WebPage","@id":"https:\/\/uow.no\/digitale-losninger-sikkerhet-beredskap-hms\/","url":"https:\/\/uow.no\/digitale-losninger-sikkerhet-beredskap-hms\/","name":"Digitale l\u00f8sninger &amp; sikkerhet \/ Beredskap &amp; HMS - Utsira Offshore Wind Center","isPartOf":{"@id":"https:\/\/uow.no\/#website"},"datePublished":"2024-04-26T11:03:02+00:00","dateModified":"2024-04-26T11:03:04+00:00","breadcrumb":{"@id":"https:\/\/uow.no\/digitale-losninger-sikkerhet-beredskap-hms\/#breadcrumb"},"inLanguage":"en-GB","potentialAction":[{"@type":"ReadAction","target":["https:\/\/uow.no\/digitale-losninger-sikkerhet-beredskap-hms\/"]}]},{"@type":"BreadcrumbList","@id":"https:\/\/uow.no\/digitale-losninger-sikkerhet-beredskap-hms\/#breadcrumb","itemListElement":[{"@type":"ListItem","position":1,"name":"Hjem","item":"https:\/\/uow.no\/"},{"@type":"ListItem","position":2,"name":"Digitale l\u00f8sninger &amp; sikkerhet \/ Beredskap &amp; HMS"}]},{"@type":"WebSite","@id":"https:\/\/uow.no\/#website","url":"https:\/\/uow.no\/","name":"Utsira Offshore Wind Center","description":"","publisher":{"@id":"https:\/\/uow.no\/#organization"},"potentialAction":[{"@type":"SearchAction","target":{"@type":"EntryPoint","urlTemplate":"https:\/\/uow.no\/?s={search_term_string}"},"query-input":{"@type":"PropertyValueSpecification","valueRequired":true,"valueName":"search_term_string"}}],"inLanguage":"en-GB"},{"@type":"Organization","@id":"https:\/\/uow.no\/#organization","name":"Utsira Offshore Wind Center","url":"https:\/\/uow.no\/","logo":{"@type":"ImageObject","inLanguage":"en-GB","@id":"https:\/\/uow.no\/#\/schema\/logo\/image\/","url":"https:\/\/uow.no\/wp-content\/uploads\/2024\/04\/Logo-U.png","contentUrl":"https:\/\/uow.no\/wp-content\/uploads\/2024\/04\/Logo-U.png","width":1080,"height":1080,"caption":"Utsira Offshore Wind Center"},"image":{"@id":"https:\/\/uow.no\/#\/schema\/logo\/image\/"}}]}},"_links":{"self":[{"href":"https:\/\/uow.no\/en\/wp-json\/wp\/v2\/pages\/189","targetHints":{"allow":["GET"]}}],"collection":[{"href":"https:\/\/uow.no\/en\/wp-json\/wp\/v2\/pages"}],"about":[{"href":"https:\/\/uow.no\/en\/wp-json\/wp\/v2\/types\/page"}],"author":[{"embeddable":true,"href":"https:\/\/uow.no\/en\/wp-json\/wp\/v2\/users\/1"}],"replies":[{"embeddable":true,"href":"https:\/\/uow.no\/en\/wp-json\/wp\/v2\/comments?post=189"}],"version-history":[{"count":1,"href":"https:\/\/uow.no\/en\/wp-json\/wp\/v2\/pages\/189\/revisions"}],"predecessor-version":[{"id":190,"href":"https:\/\/uow.no\/en\/wp-json\/wp\/v2\/pages\/189\/revisions\/190"}],"wp:attachment":[{"href":"https:\/\/uow.no\/en\/wp-json\/wp\/v2\/media?parent=189"}],"curies":[{"name":"wp","href":"https:\/\/api.w.org\/{rel}","templated":true}]}}