{"id":19,"date":"2024-04-24T12:30:27","date_gmt":"2024-04-24T12:30:27","guid":{"rendered":"https:\/\/uow.no\/?page_id=19"},"modified":"2025-05-27T14:39:27","modified_gmt":"2025-05-27T14:39:27","slug":"hjem","status":"publish","type":"page","link":"https:\/\/uow.no\/en\/","title":{"rendered":"Hjem"},"content":{"rendered":"<h2 class=\"wp-block-heading has-text-align-center\">LET&#8217;S MAKE<\/h2>\n\n\n\n<h2 class=\"wp-block-heading has-text-align-center\">INNOVATION &amp; BUSINESS <\/h2>\n\n\n\n<h2 class=\"wp-block-heading has-text-align-center\">TOGETHER<\/h2>\n\n\n\n<div style=\"height:100px\" aria-hidden=\"true\" class=\"wp-block-spacer\"><\/div>\n\n\n\n<div class=\"wp-block-buttons is-content-justification-center is-layout-flex wp-container-core-buttons-is-layout-749adb30 wp-block-buttons-is-layout-flex\">\n<div class=\"wp-block-button is-style-outline is-style-outline--1\"><a class=\"wp-block-button__link has-text-color has-link-color has-text-align-center wp-element-button\" href=\"https:\/\/uow.no\/en\/registreringsskjema\/\" style=\"color:#b5781f\">REGISTRER DIN BEDRIFT<\/a><\/div>\n<\/div>\n\n\n\n<div style=\"height:100px\" aria-hidden=\"true\" class=\"wp-block-spacer\"><\/div>\n\n\n\n<h5 class=\"wp-block-heading has-text-align-center has-text-color has-link-color wp-elements-0ee52ecc2b6ac29151dfd92ac078beca\" style=\"color:#b5781f\">GLOBAL SHOWCASE FOR EVERYTHING RELATED TO OFFSHORE WIND<\/h5>\n\n\n\n<h2 class=\"wp-block-heading\">Latest News<\/h2>\n\n\n<ul class=\"wp-block-latest-posts__list has-dates wp-block-latest-posts\"><li><a class=\"wp-block-latest-posts__post-title\" href=\"https:\/\/uow.no\/en\/utsira-nord-happening\/\">Utsira Nord Happening<\/a><time datetime=\"2025-05-20T13:14:26+00:00\" class=\"wp-block-latest-posts__post-date\">May 20, 2025<\/time><div class=\"wp-block-latest-posts__post-excerpt\">Norge tar et historisk steg &#8211; endelig utlysning av Utsira Nord. Regjeringen har n\u00e5 \u00e5pnet for konkurranse om tre prosjektomr\u00e5der for flytende\u2026 <a class=\"wp-block-latest-posts__read-more\" href=\"https:\/\/uow.no\/en\/utsira-nord-happening\/\" rel=\"noopener noreferrer\">Read more<span class=\"screen-reader-text\">: Utsira Nord Happening<\/span><\/a><\/div><\/li>\n<li><a class=\"wp-block-latest-posts__post-title\" href=\"https:\/\/uow.no\/en\/hello-world\/\">Utsira Offshore Wind Center (UOWC)<\/a><time datetime=\"2024-04-12T12:33:12+00:00\" class=\"wp-block-latest-posts__post-date\">April 12, 2024<\/time><div class=\"wp-block-latest-posts__post-excerpt\">Utsira Offshore Wind Center (UOWC) vil i nasjonalt samarbeid bidra til akselerering av forskning og utvikling av flytende havvind teknologi. Med v\u00e5rt\u2026 <a class=\"wp-block-latest-posts__read-more\" href=\"https:\/\/uow.no\/en\/hello-world\/\" rel=\"noopener noreferrer\">Read more<span class=\"screen-reader-text\">: Utsira Offshore Wind Center (UOWC)<\/span><\/a><\/div><\/li>\n<\/ul>\n\n\n<div class=\"wp-block-buttons is-layout-flex wp-block-buttons-is-layout-flex\">\n<div class=\"wp-block-button is-style-fill\" id=\"sistenytt\"><a class=\"wp-block-button__link wp-element-button\" href=\"https:\/\/uow.no\/en\/aktuelt\/\">sE ALLE NYHETER<\/a><\/div>\n<\/div>\n\n\n\n<p><\/p>","protected":false},"excerpt":{"rendered":"<p>LET&#8217;S MAKE INNOVATION &amp; BUSINESS TOGETHER GLOBALT UTSTILLINGSVINDU FOR ALT SOM HAR MED HAVVIND \u00c5 GJ\u00d8RE Siste nytt<\/p>","protected":false},"author":1,"featured_media":0,"parent":0,"menu_order":0,"comment_status":"closed","ping_status":"closed","template":"","meta":{"footnotes":""},"class_list":["post-19","page","type-page","status-publish","hentry"],"yoast_head":"<!-- This site is optimized with the Yoast SEO plugin v27.4 - https:\/\/yoast.com\/product\/yoast-seo-wordpress\/ -->\n<title>Hjem - Utsira Offshore Wind Center<\/title>\n<meta name=\"robots\" content=\"index, follow, max-snippet:-1, max-image-preview:large, max-video-preview:-1\" \/>\n<link rel=\"canonical\" href=\"https:\/\/uow.no\/en\/\" \/>\n<meta property=\"og:locale\" content=\"en_GB\" \/>\n<meta property=\"og:type\" content=\"article\" \/>\n<meta property=\"og:title\" content=\"Hjem - Utsira Offshore Wind Center\" \/>\n<meta property=\"og:description\" content=\"LET&#8217;S MAKE INNOVATION &amp; BUSINESS TOGETHER GLOBALT UTSTILLINGSVINDU FOR ALT SOM HAR MED HAVVIND \u00c5 GJ\u00d8RE Siste nytt\" \/>\n<meta property=\"og:url\" content=\"https:\/\/uow.no\/en\/\" \/>\n<meta property=\"og:site_name\" content=\"Utsira Offshore Wind Center\" \/>\n<meta property=\"article:modified_time\" content=\"2025-05-27T14:39:27+00:00\" \/>\n<meta name=\"twitter:card\" content=\"summary_large_image\" \/>\n<meta name=\"twitter:label1\" content=\"Estimated reading time\" \/>\n\t<meta name=\"twitter:data1\" content=\"1 minute\" \/>\n<script type=\"application\/ld+json\" class=\"yoast-schema-graph\">{\"@context\":\"https:\\\/\\\/schema.org\",\"@graph\":[{\"@type\":\"WebPage\",\"@id\":\"https:\\\/\\\/uow.no\\\/\",\"url\":\"https:\\\/\\\/uow.no\\\/\",\"name\":\"Hjem - Utsira Offshore Wind Center\",\"isPartOf\":{\"@id\":\"https:\\\/\\\/uow.no\\\/#website\"},\"datePublished\":\"2024-04-24T12:30:27+00:00\",\"dateModified\":\"2025-05-27T14:39:27+00:00\",\"breadcrumb\":{\"@id\":\"https:\\\/\\\/uow.no\\\/#breadcrumb\"},\"inLanguage\":\"en-GB\",\"potentialAction\":[{\"@type\":\"ReadAction\",\"target\":[\"https:\\\/\\\/uow.no\\\/\"]}]},{\"@type\":\"BreadcrumbList\",\"@id\":\"https:\\\/\\\/uow.no\\\/#breadcrumb\",\"itemListElement\":[{\"@type\":\"ListItem\",\"position\":1,\"name\":\"Hjem\",\"item\":\"https:\\\/\\\/uow.no\\\/\"},{\"@type\":\"ListItem\",\"position\":2,\"name\":\"Hjem\"}]},{\"@type\":\"WebSite\",\"@id\":\"https:\\\/\\\/uow.no\\\/#website\",\"url\":\"https:\\\/\\\/uow.no\\\/\",\"name\":\"Utsira Offshore Wind Center\",\"description\":\"\",\"publisher\":{\"@id\":\"https:\\\/\\\/uow.no\\\/#organization\"},\"potentialAction\":[{\"@type\":\"SearchAction\",\"target\":{\"@type\":\"EntryPoint\",\"urlTemplate\":\"https:\\\/\\\/uow.no\\\/?s={search_term_string}\"},\"query-input\":{\"@type\":\"PropertyValueSpecification\",\"valueRequired\":true,\"valueName\":\"search_term_string\"}}],\"inLanguage\":\"en-GB\"},{\"@type\":\"Organization\",\"@id\":\"https:\\\/\\\/uow.no\\\/#organization\",\"name\":\"Utsira Offshore Wind Center\",\"url\":\"https:\\\/\\\/uow.no\\\/\",\"logo\":{\"@type\":\"ImageObject\",\"inLanguage\":\"en-GB\",\"@id\":\"https:\\\/\\\/uow.no\\\/#\\\/schema\\\/logo\\\/image\\\/\",\"url\":\"https:\\\/\\\/uow.no\\\/wp-content\\\/uploads\\\/2024\\\/04\\\/Logo-U.png\",\"contentUrl\":\"https:\\\/\\\/uow.no\\\/wp-content\\\/uploads\\\/2024\\\/04\\\/Logo-U.png\",\"width\":1080,\"height\":1080,\"caption\":\"Utsira Offshore Wind Center\"},\"image\":{\"@id\":\"https:\\\/\\\/uow.no\\\/#\\\/schema\\\/logo\\\/image\\\/\"}}]}<\/script>\n<!-- \/ Yoast SEO plugin. -->","yoast_head_json":{"title":"Hjem - Utsira Offshore Wind Center","robots":{"index":"index","follow":"follow","max-snippet":"max-snippet:-1","max-image-preview":"max-image-preview:large","max-video-preview":"max-video-preview:-1"},"canonical":"https:\/\/uow.no\/en\/","og_locale":"en_GB","og_type":"article","og_title":"Hjem - Utsira Offshore Wind Center","og_description":"LET&#8217;S MAKE INNOVATION &amp; BUSINESS TOGETHER GLOBALT UTSTILLINGSVINDU FOR ALT SOM HAR MED HAVVIND \u00c5 GJ\u00d8RE Siste nytt","og_url":"https:\/\/uow.no\/en\/","og_site_name":"Utsira Offshore Wind Center","article_modified_time":"2025-05-27T14:39:27+00:00","twitter_card":"summary_large_image","twitter_misc":{"Estimated reading time":"1 minute"},"schema":{"@context":"https:\/\/schema.org","@graph":[{"@type":"WebPage","@id":"https:\/\/uow.no\/","url":"https:\/\/uow.no\/","name":"Hjem - Utsira Offshore Wind Center","isPartOf":{"@id":"https:\/\/uow.no\/#website"},"datePublished":"2024-04-24T12:30:27+00:00","dateModified":"2025-05-27T14:39:27+00:00","breadcrumb":{"@id":"https:\/\/uow.no\/#breadcrumb"},"inLanguage":"en-GB","potentialAction":[{"@type":"ReadAction","target":["https:\/\/uow.no\/"]}]},{"@type":"BreadcrumbList","@id":"https:\/\/uow.no\/#breadcrumb","itemListElement":[{"@type":"ListItem","position":1,"name":"Hjem","item":"https:\/\/uow.no\/"},{"@type":"ListItem","position":2,"name":"Hjem"}]},{"@type":"WebSite","@id":"https:\/\/uow.no\/#website","url":"https:\/\/uow.no\/","name":"Utsira Offshore Wind Center","description":"","publisher":{"@id":"https:\/\/uow.no\/#organization"},"potentialAction":[{"@type":"SearchAction","target":{"@type":"EntryPoint","urlTemplate":"https:\/\/uow.no\/?s={search_term_string}"},"query-input":{"@type":"PropertyValueSpecification","valueRequired":true,"valueName":"search_term_string"}}],"inLanguage":"en-GB"},{"@type":"Organization","@id":"https:\/\/uow.no\/#organization","name":"Utsira Offshore Wind Center","url":"https:\/\/uow.no\/","logo":{"@type":"ImageObject","inLanguage":"en-GB","@id":"https:\/\/uow.no\/#\/schema\/logo\/image\/","url":"https:\/\/uow.no\/wp-content\/uploads\/2024\/04\/Logo-U.png","contentUrl":"https:\/\/uow.no\/wp-content\/uploads\/2024\/04\/Logo-U.png","width":1080,"height":1080,"caption":"Utsira Offshore Wind Center"},"image":{"@id":"https:\/\/uow.no\/#\/schema\/logo\/image\/"}}]}},"_links":{"self":[{"href":"https:\/\/uow.no\/en\/wp-json\/wp\/v2\/pages\/19","targetHints":{"allow":["GET"]}}],"collection":[{"href":"https:\/\/uow.no\/en\/wp-json\/wp\/v2\/pages"}],"about":[{"href":"https:\/\/uow.no\/en\/wp-json\/wp\/v2\/types\/page"}],"author":[{"embeddable":true,"href":"https:\/\/uow.no\/en\/wp-json\/wp\/v2\/users\/1"}],"replies":[{"embeddable":true,"href":"https:\/\/uow.no\/en\/wp-json\/wp\/v2\/comments?post=19"}],"version-history":[{"count":17,"href":"https:\/\/uow.no\/en\/wp-json\/wp\/v2\/pages\/19\/revisions"}],"predecessor-version":[{"id":271,"href":"https:\/\/uow.no\/en\/wp-json\/wp\/v2\/pages\/19\/revisions\/271"}],"wp:attachment":[{"href":"https:\/\/uow.no\/en\/wp-json\/wp\/v2\/media?parent=19"}],"curies":[{"name":"wp","href":"https:\/\/api.w.org\/{rel}","templated":true}]}}