{"id":195,"date":"2024-04-26T11:18:38","date_gmt":"2024-04-26T11:18:38","guid":{"rendered":"https:\/\/uow.no\/?page_id=195"},"modified":"2024-04-26T11:29:33","modified_gmt":"2024-04-26T11:29:33","slug":"storskala-integrasjon-av-havvind-i-kraftsystemet","status":"publish","type":"page","link":"https:\/\/uow.no\/en\/storskala-integrasjon-av-havvind-i-kraftsystemet\/","title":{"rendered":"Storskala integrasjon av havvind i kraftsystemet"},"content":{"rendered":"<h5 class=\"wp-block-heading\">Dynamiske kabelsystemer mellom ulike havvindparker i flytende vindparker, og behovet for at Norge investerer i kompetanse for \u00e5 sikre at de forblir verdensledende i sektoren.<\/h5>\n\n\n\n<p><\/p>\n\n\n\n<p>\u2022 Behovet for \u00e5 vurdere de unike utfordringene med flytende vind og mulighetene som kreves i hele livssyklusen til det dynamiske kabelsystemet, fra design til produksjon, installasjon, igangkj\u00f8ring og drift.<\/p>\n\n\n\n<p>\u2022 Ta kontakt med viktige interessenter i bransjen for \u00e5 fastsette robuste prognoser for ettersp\u00f8rsel etter arbeidsstyrken for dynamiske h\u00f8yspenningskabler<\/p>\n\n\n\n<p>\u2022 Arbeide med videreutdanning, h\u00f8yere utdanning, l\u00e6rlinger og oppl\u00e6ringsleverand\u00f8rer for \u00e5 initiere utvikling av nye oppl\u00e6ringsprogrammer for \u00e5 m\u00f8te teknologiutfordringen med h\u00f8yspenningsdynamiske kabler<\/p>\n\n\n\n<p>\u2022 Utvikle en pakke med utdannings- og oppl\u00e6ringsmoduler som st\u00f8tter overf\u00f8rbare ferdigheter p\u00e5 tvers av en rekke elektriske aktiviteter for h\u00f8yspenning<\/p>\n\n\n\n<p>\u2022 Forf\u00f8lge et rullerende program med&nbsp;NASJONALT KOMPETANSE SENTER FOR HAVVIND i Agder for \u00e5 svare p\u00e5 bransjeutfordringer<\/p>\n\n\n\n<p>\u2022 Optimaliserte kabeltilkoblingsalternativer for flytende havvind. optimaliserer kabeltilkoblingsalternativer for FOW, og vurderer utfordringene for integrasjon til elnettinfrastrukturen<\/p>\n\n\n\n<p><\/p>","protected":false},"excerpt":{"rendered":"<p>Dynamiske kabelsystemer mellom ulike havvindparker i flytende vindparker, og behovet for at Norge investerer i kompetanse for \u00e5 sikre at de forblir [&hellip;]<\/p>\n","protected":false},"author":1,"featured_media":0,"parent":0,"menu_order":0,"comment_status":"closed","ping_status":"closed","template":"","meta":{"footnotes":""},"class_list":["post-195","page","type-page","status-publish","hentry"],"yoast_head":"<!-- This site is optimized with the Yoast SEO plugin v27.5 - https:\/\/yoast.com\/product\/yoast-seo-wordpress\/ -->\n<title>Storskala integrasjon av havvind i kraftsystemet - Utsira Offshore Wind Center<\/title>\n<meta name=\"robots\" content=\"index, follow, max-snippet:-1, max-image-preview:large, max-video-preview:-1\" \/>\n<link rel=\"canonical\" href=\"https:\/\/uow.no\/en\/storskala-integrasjon-av-havvind-i-kraftsystemet\/\" \/>\n<meta property=\"og:locale\" content=\"en_GB\" \/>\n<meta property=\"og:type\" content=\"article\" \/>\n<meta property=\"og:title\" content=\"Storskala integrasjon av havvind i kraftsystemet - Utsira Offshore Wind Center\" \/>\n<meta property=\"og:description\" content=\"Dynamiske kabelsystemer mellom ulike havvindparker i flytende vindparker, og behovet for at Norge investerer i kompetanse for \u00e5 sikre at de forblir [&hellip;]\" \/>\n<meta property=\"og:url\" content=\"https:\/\/uow.no\/en\/storskala-integrasjon-av-havvind-i-kraftsystemet\/\" \/>\n<meta property=\"og:site_name\" content=\"Utsira Offshore Wind Center\" \/>\n<meta property=\"article:modified_time\" content=\"2024-04-26T11:29:33+00:00\" \/>\n<meta name=\"twitter:card\" content=\"summary_large_image\" \/>\n<meta name=\"twitter:label1\" content=\"Estimated reading time\" \/>\n\t<meta name=\"twitter:data1\" content=\"1 minute\" \/>\n<script type=\"application\/ld+json\" class=\"yoast-schema-graph\">{\"@context\":\"https:\\\/\\\/schema.org\",\"@graph\":[{\"@type\":\"WebPage\",\"@id\":\"https:\\\/\\\/uow.no\\\/storskala-integrasjon-av-havvind-i-kraftsystemet\\\/\",\"url\":\"https:\\\/\\\/uow.no\\\/storskala-integrasjon-av-havvind-i-kraftsystemet\\\/\",\"name\":\"Storskala integrasjon av havvind i kraftsystemet - Utsira Offshore Wind Center\",\"isPartOf\":{\"@id\":\"https:\\\/\\\/uow.no\\\/#website\"},\"datePublished\":\"2024-04-26T11:18:38+00:00\",\"dateModified\":\"2024-04-26T11:29:33+00:00\",\"breadcrumb\":{\"@id\":\"https:\\\/\\\/uow.no\\\/storskala-integrasjon-av-havvind-i-kraftsystemet\\\/#breadcrumb\"},\"inLanguage\":\"en-GB\",\"potentialAction\":[{\"@type\":\"ReadAction\",\"target\":[\"https:\\\/\\\/uow.no\\\/storskala-integrasjon-av-havvind-i-kraftsystemet\\\/\"]}]},{\"@type\":\"BreadcrumbList\",\"@id\":\"https:\\\/\\\/uow.no\\\/storskala-integrasjon-av-havvind-i-kraftsystemet\\\/#breadcrumb\",\"itemListElement\":[{\"@type\":\"ListItem\",\"position\":1,\"name\":\"Hjem\",\"item\":\"https:\\\/\\\/uow.no\\\/\"},{\"@type\":\"ListItem\",\"position\":2,\"name\":\"Storskala integrasjon av havvind i kraftsystemet\"}]},{\"@type\":\"WebSite\",\"@id\":\"https:\\\/\\\/uow.no\\\/#website\",\"url\":\"https:\\\/\\\/uow.no\\\/\",\"name\":\"Utsira Offshore Wind Center\",\"description\":\"\",\"publisher\":{\"@id\":\"https:\\\/\\\/uow.no\\\/#organization\"},\"potentialAction\":[{\"@type\":\"SearchAction\",\"target\":{\"@type\":\"EntryPoint\",\"urlTemplate\":\"https:\\\/\\\/uow.no\\\/?s={search_term_string}\"},\"query-input\":{\"@type\":\"PropertyValueSpecification\",\"valueRequired\":true,\"valueName\":\"search_term_string\"}}],\"inLanguage\":\"en-GB\"},{\"@type\":\"Organization\",\"@id\":\"https:\\\/\\\/uow.no\\\/#organization\",\"name\":\"Utsira Offshore Wind Center\",\"url\":\"https:\\\/\\\/uow.no\\\/\",\"logo\":{\"@type\":\"ImageObject\",\"inLanguage\":\"en-GB\",\"@id\":\"https:\\\/\\\/uow.no\\\/#\\\/schema\\\/logo\\\/image\\\/\",\"url\":\"https:\\\/\\\/uow.no\\\/wp-content\\\/uploads\\\/2024\\\/04\\\/Logo-U.png\",\"contentUrl\":\"https:\\\/\\\/uow.no\\\/wp-content\\\/uploads\\\/2024\\\/04\\\/Logo-U.png\",\"width\":1080,\"height\":1080,\"caption\":\"Utsira Offshore Wind Center\"},\"image\":{\"@id\":\"https:\\\/\\\/uow.no\\\/#\\\/schema\\\/logo\\\/image\\\/\"}}]}<\/script>\n<!-- \/ Yoast SEO plugin. -->","yoast_head_json":{"title":"Storskala integrasjon av havvind i kraftsystemet - Utsira Offshore Wind Center","robots":{"index":"index","follow":"follow","max-snippet":"max-snippet:-1","max-image-preview":"max-image-preview:large","max-video-preview":"max-video-preview:-1"},"canonical":"https:\/\/uow.no\/en\/storskala-integrasjon-av-havvind-i-kraftsystemet\/","og_locale":"en_GB","og_type":"article","og_title":"Storskala integrasjon av havvind i kraftsystemet - Utsira Offshore Wind Center","og_description":"Dynamiske kabelsystemer mellom ulike havvindparker i flytende vindparker, og behovet for at Norge investerer i kompetanse for \u00e5 sikre at de forblir [&hellip;]","og_url":"https:\/\/uow.no\/en\/storskala-integrasjon-av-havvind-i-kraftsystemet\/","og_site_name":"Utsira Offshore Wind Center","article_modified_time":"2024-04-26T11:29:33+00:00","twitter_card":"summary_large_image","twitter_misc":{"Estimated reading time":"1 minute"},"schema":{"@context":"https:\/\/schema.org","@graph":[{"@type":"WebPage","@id":"https:\/\/uow.no\/storskala-integrasjon-av-havvind-i-kraftsystemet\/","url":"https:\/\/uow.no\/storskala-integrasjon-av-havvind-i-kraftsystemet\/","name":"Storskala integrasjon av havvind i kraftsystemet - Utsira Offshore Wind Center","isPartOf":{"@id":"https:\/\/uow.no\/#website"},"datePublished":"2024-04-26T11:18:38+00:00","dateModified":"2024-04-26T11:29:33+00:00","breadcrumb":{"@id":"https:\/\/uow.no\/storskala-integrasjon-av-havvind-i-kraftsystemet\/#breadcrumb"},"inLanguage":"en-GB","potentialAction":[{"@type":"ReadAction","target":["https:\/\/uow.no\/storskala-integrasjon-av-havvind-i-kraftsystemet\/"]}]},{"@type":"BreadcrumbList","@id":"https:\/\/uow.no\/storskala-integrasjon-av-havvind-i-kraftsystemet\/#breadcrumb","itemListElement":[{"@type":"ListItem","position":1,"name":"Hjem","item":"https:\/\/uow.no\/"},{"@type":"ListItem","position":2,"name":"Storskala integrasjon av havvind i kraftsystemet"}]},{"@type":"WebSite","@id":"https:\/\/uow.no\/#website","url":"https:\/\/uow.no\/","name":"Utsira Offshore Wind Center","description":"","publisher":{"@id":"https:\/\/uow.no\/#organization"},"potentialAction":[{"@type":"SearchAction","target":{"@type":"EntryPoint","urlTemplate":"https:\/\/uow.no\/?s={search_term_string}"},"query-input":{"@type":"PropertyValueSpecification","valueRequired":true,"valueName":"search_term_string"}}],"inLanguage":"en-GB"},{"@type":"Organization","@id":"https:\/\/uow.no\/#organization","name":"Utsira Offshore Wind Center","url":"https:\/\/uow.no\/","logo":{"@type":"ImageObject","inLanguage":"en-GB","@id":"https:\/\/uow.no\/#\/schema\/logo\/image\/","url":"https:\/\/uow.no\/wp-content\/uploads\/2024\/04\/Logo-U.png","contentUrl":"https:\/\/uow.no\/wp-content\/uploads\/2024\/04\/Logo-U.png","width":1080,"height":1080,"caption":"Utsira Offshore Wind Center"},"image":{"@id":"https:\/\/uow.no\/#\/schema\/logo\/image\/"}}]}},"_links":{"self":[{"href":"https:\/\/uow.no\/en\/wp-json\/wp\/v2\/pages\/195","targetHints":{"allow":["GET"]}}],"collection":[{"href":"https:\/\/uow.no\/en\/wp-json\/wp\/v2\/pages"}],"about":[{"href":"https:\/\/uow.no\/en\/wp-json\/wp\/v2\/types\/page"}],"author":[{"embeddable":true,"href":"https:\/\/uow.no\/en\/wp-json\/wp\/v2\/users\/1"}],"replies":[{"embeddable":true,"href":"https:\/\/uow.no\/en\/wp-json\/wp\/v2\/comments?post=195"}],"version-history":[{"count":2,"href":"https:\/\/uow.no\/en\/wp-json\/wp\/v2\/pages\/195\/revisions"}],"predecessor-version":[{"id":202,"href":"https:\/\/uow.no\/en\/wp-json\/wp\/v2\/pages\/195\/revisions\/202"}],"wp:attachment":[{"href":"https:\/\/uow.no\/en\/wp-json\/wp\/v2\/media?parent=195"}],"curies":[{"name":"wp","href":"https:\/\/api.w.org\/{rel}","templated":true}]}}